

{"id":301,"date":"2013-11-13T13:01:14","date_gmt":"2013-11-13T11:01:14","guid":{"rendered":"http:\/\/opatov.knihovna.info\/?page_id=301"},"modified":"2014-09-05T14:03:11","modified_gmt":"2014-09-05T12:03:11","slug":"navody","status":"publish","type":"page","link":"https:\/\/opatov.knihovna.info\/?page_id=301","title":{"rendered":"N\u00e1vody"},"content":{"rendered":"<h2><\/h2>\n<h2>Jak pou\u017e\u00edvat \u010dten\u00e1\u0159sk\u00e9 konto<\/h2>\n<p>1. Kliknut\u00edm na pol\u00ed\u010dko \u201e<strong><a href=\"http:\/\/katalog.knihovnatr.cz\/opatov\/l.dll?octenhtm\"> \u010cten\u00e1\u0159sk\u00e9 konto<\/a><\/strong>\u201c a vypln\u011bn\u00edm \u010d\u00edsla pr\u016fkazky a PINu, kter\u00fd jste uvedly p\u0159i registaci, se otev\u0159e Va\u0161e konto.<\/p>\n<p>2. Objev\u00ed se seznam zap\u016fj\u010den\u00fdch titul\u016f s uveden\u00edm term\u00edn\u016f, kdy byly zap\u016fj\u010deny a kdy maj\u00ed b\u00fdt vr\u00e1ceny.<\/p>\n<p>3. Po ukon\u010den\u00ed pr\u00e1ce se odhl\u00e1s\u00edte ikonou \u201eodhl\u00e1sit\u201c.<\/p>\n<p><a href=\"http:\/\/opatov.knihovna.info\/wp-content\/uploads\/2013\/11\/cten\u00e1r-e1409918254216.jpg\"><img loading=\"lazy\" decoding=\"async\" class=\"aligncenter size-full wp-image-322\" src=\"http:\/\/opatov.knihovna.info\/wp-content\/uploads\/2013\/11\/cten\u00e1r-e1409918254216.jpg\" alt=\"cten\u00e1r\" width=\"350\" height=\"103\" \/><\/a><\/p>\n<p>&nbsp;<\/p>\n<h2>N\u00c1VOD PR\u00c1CE S ON-LINE KATALOGEM<\/h2>\n<h3>VYHLED\u00c1V\u00c1N\u00cd V KATALOGU:<\/h3>\n<p>1. Kliknut\u00edm na pol\u00ed\u010dko \u201e<strong><a href=\"http:\/\/katalog.knihovnatr.cz\/opatov\/\">On-line katalog<\/a><\/strong>\u201c knihovny. V horn\u00edm pol\u00ed\u010dku je uvedeno Vyhled\u00e1vat:\u00a0 ve v\u0161ech dokumentech.<\/p>\n<p>2. Vyhled\u00e1vat m\u016f\u017eete podle: \u201e<strong>Autora<\/strong>\u201c \u201e<strong>N\u00e1zev<\/strong>\u201c d\u00edla\u00a0 nebo \u201e<strong>T\u00e9ma<\/strong>\u201c Sta\u010d\u00ed vyplnit p\u0159\u00edslu\u0161n\u00e9 pol\u00ed\u010dko a potvrdit kliknut\u00edm na ikonu \u201e<strong>Hledej<\/strong>\u201c.<\/p>\n<p><img loading=\"lazy\" decoding=\"async\" class=\"aligncenter wp-image-308 size-full\" src=\"http:\/\/opatov.knihovna.info\/wp-content\/uploads\/2013\/11\/online-katalog-e1409916855231.jpg\" alt=\"online katalog\" width=\"350\" height=\"157\" \/><\/p>\n<p>&nbsp;<\/p>\n<p>3.\u00a0 Zobraz\u00ed se v\u00fdsledky vyhled\u00e1v\u00e1n\u00ed. N\u00e1zev d\u00edla je aktivn\u00ed odkaz a kliknut\u00edm na n\u011bj se zobraz\u00ed katalogiza\u010dn\u00ed l\u00edstek. Pod katalogiza\u010dn\u00edm l\u00edstkem obsahuj\u00edc\u00edm z\u00e1kladn\u00ed informace o knize je um\u00edst\u011bna tabulka s \u00fadaji o exempl\u00e1\u0159\u00edch.<\/p>\n<p>Ozna\u010den\u00ed PREZEN\u010cN\u011a uv\u00e1d\u00ed, \u017ee kniha se nep\u016fj\u010duje a je ur\u010dena pouze ke studiu ve studovn\u011b. ABSEN\u010cN\u011a znamen\u00e1, \u017ee knihu lze zap\u016fj\u010dit dom\u016f. Pokud je v pol\u00ed\u010dku \u201cabsen\u010dn\u011b\u201c , kniha je p\u016fj\u010dena a nen\u00ed tedy moment\u00e1ln\u011b k dispozici. Z\u00e1jemce si m\u016f\u017ee za\u017e\u00e1dat o rezervaci.<\/p>\n<p><img loading=\"lazy\" decoding=\"async\" class=\"aligncenter wp-image-309\" src=\"http:\/\/opatov.knihovna.info\/wp-content\/uploads\/2013\/11\/exempla\u0159e-e1409917197382.jpg\" alt=\"exempla\u0159e\" width=\"350\" height=\"119\" \/><\/p>\n<p>&nbsp;<\/p>\n<h3>REZERVACE TITULU:<\/h3>\n<p>1. Pokud m\u00e1te z\u00e1jem o publikaci, kterou knihovna vlastn\u00ed, ale je p\u016fj\u010dena , m\u016f\u017eete za\u017e\u00e1dat o jej\u00ed rezervaci.<\/p>\n<p>2. Vyhled\u00e1te po\u017eadovan\u00fd titul podle v\u00fd\u0161e uveden\u00e9ho n\u00e1vodu a otev\u0159ete si katalogiza\u010dn\u00ed l\u00edstek kliknut\u00edm na n\u00e1zev d\u00edla.<\/p>\n<p>3. Ve spodn\u00ed \u010d\u00e1sti je um\u00edst\u011bna ikona \u201erezervuj\u201c. Kliknut\u00edm se rozbal\u00ed formul\u00e1\u0159, do kter\u00e9ho vypln\u00edte \u010d\u00edslo Va\u0161\u00ed pr\u016fkazky a PIN.<\/p>\n<p>4. Potvrzen\u00edm se kniha zarezervuje na Va\u0161e konto. V okam\u017eiku jej\u00edho navr\u00e1cen\u00ed bude kniha zablokov\u00e1na pro V\u00e1s. Pokud m\u00e1te elektronickou e-mailovou adresu, kterou jste uvedl p\u0159i registraci, bude V\u00e1m zasl\u00e1n e-mail o p\u0159ipraven\u00e9 rezervaci.<\/p>\n<p><a href=\"http:\/\/opatov.knihovna.info\/wp-content\/uploads\/2013\/11\/rezervace-e1409918089925.jpg\"><img loading=\"lazy\" decoding=\"async\" class=\"aligncenter size-full wp-image-320\" src=\"http:\/\/opatov.knihovna.info\/wp-content\/uploads\/2013\/11\/rezervace-e1409918089925.jpg\" alt=\"rezervace\" width=\"350\" height=\"148\" \/><\/a><\/p>\n<p><strong>!!! POZOR<\/strong>: nen\u00ed-li kniha p\u016fj\u010dena nelze ji rezervovat. <strong>!!!<\/strong><\/p>\n","protected":false},"excerpt":{"rendered":"<p>Jak pou\u017e\u00edvat \u010dten\u00e1\u0159sk\u00e9 konto 1. Kliknut\u00edm na pol\u00ed\u010dko \u201e \u010cten\u00e1\u0159sk\u00e9 konto\u201c a vypln\u011bn\u00edm \u010d\u00edsla pr\u016fkazky a PINu, kter\u00fd jste uvedly p\u0159i registaci, se otev\u0159e Va\u0161e konto. 2. Objev\u00ed se seznam zap\u016fj\u010den\u00fdch titul\u016f s uveden\u00edm term\u00edn\u016f, kdy byly zap\u016fj\u010deny a kdy maj\u00ed b\u00fdt vr\u00e1ceny. 3. Po ukon\u010den\u00ed pr\u00e1ce se odhl\u00e1s\u00edte ikonou \u201eodhl\u00e1sit\u201c. &nbsp; N\u00c1VOD PR\u00c1CE S [&hellip;]<\/p>\n","protected":false},"author":1,"featured_media":0,"parent":0,"menu_order":0,"comment_status":"open","ping_status":"open","template":"","meta":{"footnotes":""},"class_list":["post-301","page","type-page","status-publish","hentry"],"_links":{"self":[{"href":"https:\/\/opatov.knihovna.info\/index.php?rest_route=\/wp\/v2\/pages\/301","targetHints":{"allow":["GET"]}}],"collection":[{"href":"https:\/\/opatov.knihovna.info\/index.php?rest_route=\/wp\/v2\/pages"}],"about":[{"href":"https:\/\/opatov.knihovna.info\/index.php?rest_route=\/wp\/v2\/types\/page"}],"author":[{"embeddable":true,"href":"https:\/\/opatov.knihovna.info\/index.php?rest_route=\/wp\/v2\/users\/1"}],"replies":[{"embeddable":true,"href":"https:\/\/opatov.knihovna.info\/index.php?rest_route=%2Fwp%2Fv2%2Fcomments&post=301"}],"version-history":[{"count":19,"href":"https:\/\/opatov.knihovna.info\/index.php?rest_route=\/wp\/v2\/pages\/301\/revisions"}],"predecessor-version":[{"id":326,"href":"https:\/\/opatov.knihovna.info\/index.php?rest_route=\/wp\/v2\/pages\/301\/revisions\/326"}],"wp:attachment":[{"href":"https:\/\/opatov.knihovna.info\/index.php?rest_route=%2Fwp%2Fv2%2Fmedia&parent=301"}],"curies":[{"name":"wp","href":"https:\/\/api.w.org\/{rel}","templated":true}]}}