

{"id":685,"date":"2018-01-30T12:17:28","date_gmt":"2018-01-30T10:17:28","guid":{"rendered":"http:\/\/opatov.knihovna.info\/?page_id=685"},"modified":"2018-02-16T15:25:55","modified_gmt":"2018-02-16T13:25:55","slug":"nejctenejsi-knihy","status":"publish","type":"page","link":"https:\/\/opatov.knihovna.info\/?page_id=685","title":{"rendered":"Nej\u010dten\u011bj\u0161\u00ed knihy"},"content":{"rendered":"<h2><span style=\"color: #000000;\"><strong>2017<\/strong><\/span><\/h2>\n<h3><span style=\"color: #000000;\"><strong>Top 5 &#8211; Beletrie<\/strong><\/span><\/h3>\n<p><strong>\n<table id=\"wp-table-reloaded-id-19-no-1\" class=\"wp-table-reloaded wp-table-reloaded-id-19\">\n<thead>\n\t<tr class=\"row-1 odd\">\n\t\t<th class=\"column-1\">Po\u0159ad\u00ed<\/th><th class=\"column-2\">autor<\/th><th class=\"column-3\">n\u00e1zev<\/th>\n\t<\/tr>\n<\/thead>\n<tbody>\n\t<tr class=\"row-2 even\">\n\t\t<td class=\"column-1\">1<\/td><td class=\"column-2\">MANKELL, Henning<\/td><td class=\"column-3\">Usm\u011bvav\u00fd mu\u017e<\/td>\n\t<\/tr>\n\t<tr class=\"row-3 odd\">\n\t\t<td class=\"column-1\">2<\/td><td class=\"column-2\">BROMBERG, K.<\/td><td class=\"column-3\">Rychle a v\u00e1\u0161niv\u011b (1.-3. d\u00edl)<\/td>\n\t<\/tr>\n\t<tr class=\"row-4 even\">\n\t\t<td class=\"column-1\">3<\/td><td class=\"column-2\">CROMBIE, Deborah<\/td><td class=\"column-3\">Zmizel\u00e1 beze stopy<\/td>\n\t<\/tr>\n\t<tr class=\"row-5 odd\">\n\t\t<td class=\"column-1\">4<\/td><td class=\"column-2\">EGELAND, Tom<\/td><td class=\"column-3\">Nostrad\u00e1mova z\u00e1v\u011b\u0165<\/td>\n\t<\/tr>\n\t<tr class=\"row-6 even\">\n\t\t<td class=\"column-1\">5<\/td><td class=\"column-2\">V\u00c1\u0147OV\u00c1, Magda<\/td><td class=\"column-3\">Neb\u00fdt s\u00e1m<\/td>\n\t<\/tr>\n<\/tbody>\n<\/table>\n<\/strong><\/p>\n<h3><span style=\"color: #000000;\"><strong>Top 5 &#8211; Literatura pro ml\u00e1de\u017e<\/strong><\/span><\/h3>\n<p><strong>\n<table id=\"wp-table-reloaded-id-20-no-1\" class=\"wp-table-reloaded wp-table-reloaded-id-20\">\n<thead>\n\t<tr class=\"row-1 odd\">\n\t\t<th class=\"column-1\">Po\u0159ad\u00ed<\/th><th class=\"column-2\">autror<\/th><th class=\"column-3\">n\u00e1zev<\/th>\n\t<\/tr>\n<\/thead>\n<tbody>\n\t<tr class=\"row-2 even\">\n\t\t<td class=\"column-1\">1<\/td><td class=\"column-2\"><\/td><td class=\"column-3\">Barbie: odv\u00e1\u017en\u00e1 princezna<\/td>\n\t<\/tr>\n\t<tr class=\"row-3 odd\">\n\t\t<td class=\"column-1\">2<\/td><td class=\"column-2\">IMANOVA, Nina<\/td><td class=\"column-3\">M\u00e1\u0161a a medv\u011b\u010f. Prvn\u00ed setk\u00e1n\u00ed<\/td>\n\t<\/tr>\n\t<tr class=\"row-4 even\">\n\t\t<td class=\"column-1\">3<\/td><td class=\"column-2\">PICHON, Liz<\/td><td class=\"column-3\">\u00da\u017easn\u00fd den\u00edk - Tom Gates<\/td>\n\t<\/tr>\n\t<tr class=\"row-5 odd\">\n\t\t<td class=\"column-1\">4<\/td><td class=\"column-2\">NATHAN, Sarah<\/td><td class=\"column-3\">Poh\u00e1dkov\u00fd rom\u00e1n<\/td>\n\t<\/tr>\n\t<tr class=\"row-6 even\">\n\t\t<td class=\"column-1\">5<\/td><td class=\"column-2\">SUGG, Zoe<\/td><td class=\"column-3\">Girl online<\/td>\n\t<\/tr>\n<\/tbody>\n<\/table>\n<\/strong><\/p>\n<hr \/>\n<h2><span style=\"color: #000000;\"><strong>2016<\/strong><\/span><\/h2>\n<h3><span style=\"color: #000000;\"><strong>Top 5 &#8211; Beletrie<\/strong><\/span><\/h3>\n<p><strong>\n<table id=\"wp-table-reloaded-id-15-no-1\" class=\"wp-table-reloaded wp-table-reloaded-id-15\">\n<thead>\n\t<tr class=\"row-1 odd\">\n\t\t<th class=\"column-1\">Po\u0159ad\u00ed<\/th><th class=\"column-2\">autor<\/th><th class=\"column-3\">n\u00e1zev<\/th>\n\t<\/tr>\n<\/thead>\n<tbody>\n\t<tr class=\"row-2 even\">\n\t\t<td class=\"column-1\">1<\/td><td class=\"column-2\">BENKOV\u00c1, Jana<\/td><td class=\"column-3\">DRUH\u00c1 \u0160ANCE, L\u00c1SKO!<\/td>\n\t<\/tr>\n\t<tr class=\"row-3 odd\">\n\t\t<td class=\"column-1\">2<\/td><td class=\"column-2\">KELEOV\u00c1-VASILKOV\u00c1, T\u00e1\u0148a<\/td><td class=\"column-3\">DRUH\u00c1<\/td>\n\t<\/tr>\n\t<tr class=\"row-4 even\">\n\t\t<td class=\"column-1\">3<\/td><td class=\"column-2\">KELEOV\u00c1-VASILKOV\u00c1, T\u00e1\u0148a<\/td><td class=\"column-3\">ROZBIT\u00c9 \u0160T\u011aST\u00cd<\/td>\n\t<\/tr>\n\t<tr class=\"row-5 odd\">\n\t\t<td class=\"column-1\">4<\/td><td class=\"column-2\">K\u00d6RNEROV\u00c1, Hana Marie<\/td><td class=\"column-3\">P\u00c1N HOR (1.-6. d\u00edl)<\/td>\n\t<\/tr>\n\t<tr class=\"row-6 even\">\n\t\t<td class=\"column-1\">5<\/td><td class=\"column-2\">BOMANN, Corina<\/td><td class=\"column-3\">MOT\u00ddL\u00cd OSTROV<\/td>\n\t<\/tr>\n<\/tbody>\n<\/table>\n<\/strong><\/p>\n<h3><span style=\"color: #000000;\"><strong>Top 5 &#8211; Literatura pro ml\u00e1de\u017e<\/strong><\/span><\/h3>\n<p><strong>\n<table id=\"wp-table-reloaded-id-16-no-1\" class=\"wp-table-reloaded wp-table-reloaded-id-16\">\n<thead>\n\t<tr class=\"row-1 odd\">\n\t\t<th class=\"column-1\">Po\u0159ad\u00ed<\/th><th class=\"column-2\">autor<\/th><th class=\"column-3\">n\u00e1zev<\/th>\n\t<\/tr>\n<\/thead>\n<tbody>\n\t<tr class=\"row-2 even\">\n\t\t<td class=\"column-1\">1<\/td><td class=\"column-2\">KINNEY, Jeff<\/td><td class=\"column-3\">DEN\u00cdK MAL\u00c9HO POSEROUTKY: o\u0161kliv\u00e1 pravda<\/td>\n\t<\/tr>\n\t<tr class=\"row-3 odd\">\n\t\t<td class=\"column-1\">2<\/td><td class=\"column-2\">KINNEY, Jeff<\/td><td class=\"column-3\">DEN\u00cdK MAL\u00c9HO POSEROUTKY: p\u00e1t\u00e9 kolo u vozu<\/td>\n\t<\/tr>\n\t<tr class=\"row-4 even\">\n\t\t<td class=\"column-1\">3<\/td><td class=\"column-2\">KINNEY, Jeff<\/td><td class=\"column-3\">DEN\u00cdK MAL\u00c9HO POSEROUTKY<\/td>\n\t<\/tr>\n\t<tr class=\"row-5 odd\">\n\t\t<td class=\"column-1\">4<\/td><td class=\"column-2\">KINNEY, Jeff<\/td><td class=\"column-3\">DEN\u00cdK MAL\u00c9HO POSEROUTKY: rodrick je king<\/td>\n\t<\/tr>\n\t<tr class=\"row-6 even\">\n\t\t<td class=\"column-1\">5<\/td><td class=\"column-2\">DEARY, Terry<\/td><td class=\"column-3\">\u0160VIND\u00c1LOV\u00cd ULI\u010cNICK\u00c1 AKADEMIE<\/td>\n\t<\/tr>\n<\/tbody>\n<\/table>\n<\/strong><\/p>\n<hr \/>\n<h2><span style=\"color: #000000;\"><strong>2015<\/strong><\/span><\/h2>\n<h3><span style=\"color: #000000;\"><strong>Top 5 &#8211; Beletrie<\/strong><\/span><\/h3>\n<p><strong>\n<table id=\"wp-table-reloaded-id-14-no-1\" class=\"wp-table-reloaded wp-table-reloaded-id-14\">\n<thead>\n\t<tr class=\"row-1 odd\">\n\t\t<th class=\"column-1\">Po\u0159ad\u00ed<\/th><th class=\"column-2\">autor<\/th><th class=\"column-3\">n\u00e1zev<\/th>\n\t<\/tr>\n<\/thead>\n<tbody>\n\t<tr class=\"row-2 even\">\n\t\t<td class=\"column-1\">1<\/td><td class=\"column-2\">K\u00d6RNEROV\u00c1, Hana Marie<\/td><td class=\"column-3\">KO\u010c\u00c1R DO NEZN\u00c1MA<\/td>\n\t<\/tr>\n\t<tr class=\"row-3 odd\">\n\t\t<td class=\"column-1\">2<\/td><td class=\"column-2\">GERRITSEN, Tess<\/td><td class=\"column-3\">H\u0158\u00cd\u0160NICE<\/td>\n\t<\/tr>\n\t<tr class=\"row-4 even\">\n\t\t<td class=\"column-1\">3<\/td><td class=\"column-2\">GERRITSEN, Tess<\/td><td class=\"column-3\">ML\u010c\u00cdC\u00cd D\u00cdVKA<\/td>\n\t<\/tr>\n\t<tr class=\"row-5 odd\">\n\t\t<td class=\"column-1\">4<\/td><td class=\"column-2\">GILLEROVA-BREZN\u00cdKOV\u00c1, Katar\u00edna<\/td><td class=\"column-3\">L\u00c1SKA SI NEVYB\u00cdR\u00c1<\/td>\n\t<\/tr>\n\t<tr class=\"row-6 even\">\n\t\t<td class=\"column-1\">5<\/td><td class=\"column-2\">GILLEROVA-BREZN\u00cdKOV\u00c1, Katar\u00edna<\/td><td class=\"column-3\">Z\u00c1HADA ZADN\u00cdHO POKOJE<\/td>\n\t<\/tr>\n<\/tbody>\n<\/table>\n<\/strong><\/p>\n<h3><span style=\"color: #000000;\"><strong>Top 5 &#8211; Literatura pro ml\u00e1de\u017e<\/strong><\/span><\/h3>\n<p><strong>\n<table id=\"wp-table-reloaded-id-13-no-1\" class=\"wp-table-reloaded wp-table-reloaded-id-13\">\n<thead>\n\t<tr class=\"row-1 odd\">\n\t\t<th class=\"column-1\">Po\u0159ad\u00ed<\/th><th class=\"column-2\">autor<\/th><th class=\"column-3\">n\u00e1zev<\/th>\n\t<\/tr>\n<\/thead>\n<tbody>\n\t<tr class=\"row-2 even\">\n\t\t<td class=\"column-1\">1<\/td><td class=\"column-2\">DELAF<\/td><td class=\"column-3\">PUP\u00cdKY, l\u00e9to na zabit\u00ed<\/td>\n\t<\/tr>\n\t<tr class=\"row-3 odd\">\n\t\t<td class=\"column-1\">2<\/td><td class=\"column-2\">GROENING, Matt<\/td><td class=\"column-3\">NERVY V K\u00ddBLU BUBLIN<\/td>\n\t<\/tr>\n\t<tr class=\"row-4 even\">\n\t\t<td class=\"column-1\">3<\/td><td class=\"column-2\">GROENING, Matt<\/td><td class=\"column-3\">SIMPSONOVI: \u010darod\u011bjnick\u00fd speci\u00e1l<\/td>\n\t<\/tr>\n\t<tr class=\"row-5 odd\">\n\t\t<td class=\"column-1\">4<\/td><td class=\"column-2\">KINNEY, Jeff<\/td><td class=\"column-3\">DEN\u00cdK MAL\u00c9HO POSEROUTKY: o\u0161kliv\u00e1 pravda<\/td>\n\t<\/tr>\n\t<tr class=\"row-6 even\">\n\t\t<td class=\"column-1\">5<\/td><td class=\"column-2\">KINNEY, Jeff<\/td><td class=\"column-3\">DEN\u00cdK MAL\u00c9HO POSEROUTKY: fakt sm\u016fla<\/td>\n\t<\/tr>\n<\/tbody>\n<\/table>\n<\/strong><\/p>\n<hr \/>\n<h2><span style=\"color: #000000;\"><strong>2014<\/strong><\/span><\/h2>\n<h3><span style=\"color: #000000;\"><strong>Top 5 &#8211; Beletrie<\/strong><\/span><\/h3>\n<p><strong>\n<table id=\"wp-table-reloaded-id-11-no-1\" class=\"wp-table-reloaded wp-table-reloaded-id-11\">\n<thead>\n\t<tr class=\"row-1 odd\">\n\t\t<th class=\"column-1\">Po\u0159ad\u00ed<\/th><th class=\"column-2\">autor<\/th><th class=\"column-3\">n\u00e1zev<\/th>\n\t<\/tr>\n<\/thead>\n<tbody>\n\t<tr class=\"row-2 even\">\n\t\t<td class=\"column-1\">1<\/td><td class=\"column-2\">BAGSHAWE, Louise<\/td><td class=\"column-3\">V\u00c1\u0160E\u0147<\/td>\n\t<\/tr>\n\t<tr class=\"row-3 odd\">\n\t\t<td class=\"column-1\">2<\/td><td class=\"column-2\">GILLEROV\u00c1-BREZN\u00cdKOV\u00c1, Katar\u00edna<\/td><td class=\"column-3\">R\u00c1NO NEPL\u00c1\u010cU<\/td>\n\t<\/tr>\n\t<tr class=\"row-4 even\">\n\t\t<td class=\"column-1\">3<\/td><td class=\"column-2\">JAMES, E. L.<\/td><td class=\"column-3\">PADES\u00c1T ODST\u00cdNU \u0160EDI<\/td>\n\t<\/tr>\n\t<tr class=\"row-5 odd\">\n\t\t<td class=\"column-1\">4<\/td><td class=\"column-2\">K\u00d6RNEROV\u00c1, Hana Marie<\/td><td class=\"column-3\">MINUTA NA ROZLOU\u010cENOU<\/td>\n\t<\/tr>\n\t<tr class=\"row-6 even\">\n\t\t<td class=\"column-1\">5<\/td><td class=\"column-2\">K\u00d6RNEROV\u00c1, Hana Marie<\/td><td class=\"column-3\">PROS\u00cdM, V\u00c1S SEST\u0158I\u010cKO<\/td>\n\t<\/tr>\n<\/tbody>\n<\/table>\n<\/strong><\/p>\n<h3><span style=\"color: #000000;\"><strong>Top 5 &#8211; Literatura pro ml\u00e1de\u017e<\/strong><\/span><\/h3>\n<p><strong>\n<table id=\"wp-table-reloaded-id-12-no-1\" class=\"wp-table-reloaded wp-table-reloaded-id-12\">\n<thead>\n\t<tr class=\"row-1 odd\">\n\t\t<th class=\"column-1\">Po\u0159ad\u00ed<\/th><th class=\"column-2\">autor<\/th><th class=\"column-3\">n\u00e1zev<\/th>\n\t<\/tr>\n<\/thead>\n<tbody>\n\t<tr class=\"row-2 even\">\n\t\t<td class=\"column-1\">1<\/td><td class=\"column-2\">CHESTERFIELD, Sadie<\/td><td class=\"column-3\">OT\u00c1ZKA DREZURY<\/td>\n\t<\/tr>\n\t<tr class=\"row-3 odd\">\n\t\t<td class=\"column-1\">2<\/td><td class=\"column-2\">HILLYER, Lexa<\/td><td class=\"column-3\">RIO<\/td>\n\t<\/tr>\n\t<tr class=\"row-4 even\">\n\t\t<td class=\"column-1\">3<\/td><td class=\"column-2\">B\u0158EZINOV\u00c1, Ivona<\/td><td class=\"column-3\">KOZ\u00cd POH\u00c1DKY<\/td>\n\t<\/tr>\n\t<tr class=\"row-5 odd\">\n\t\t<td class=\"column-1\">4<\/td><td class=\"column-2\">DELAF<\/td><td class=\"column-3\">PUP\u00cdKY, \u010f\u00e1belsk\u00fd p\u00e1r <\/td>\n\t<\/tr>\n\t<tr class=\"row-6 even\">\n\t\t<td class=\"column-1\">5<\/td><td class=\"column-2\"><\/td><td class=\"column-3\">KR\u00c1LOVSK\u00c1 SVATBA<\/td>\n\t<\/tr>\n<\/tbody>\n<\/table>\n<\/strong><\/p>\n<hr \/>\n<p>&nbsp;<\/p>\n","protected":false},"excerpt":{"rendered":"<p>2017 Top 5 &#8211; Beletrie Top 5 &#8211; Literatura pro ml\u00e1de\u017e 2016 Top 5 &#8211; Beletrie Top 5 &#8211; Literatura pro ml\u00e1de\u017e 2015 Top 5 &#8211; Beletrie Top 5 &#8211; Literatura pro ml\u00e1de\u017e 2014 Top 5 &#8211; Beletrie Top 5 &#8211; Literatura pro ml\u00e1de\u017e &nbsp;<\/p>\n","protected":false},"author":1,"featured_media":0,"parent":0,"menu_order":0,"comment_status":"closed","ping_status":"closed","template":"","meta":{"footnotes":""},"class_list":["post-685","page","type-page","status-publish","hentry"],"_links":{"self":[{"href":"https:\/\/opatov.knihovna.info\/index.php?rest_route=\/wp\/v2\/pages\/685","targetHints":{"allow":["GET"]}}],"collection":[{"href":"https:\/\/opatov.knihovna.info\/index.php?rest_route=\/wp\/v2\/pages"}],"about":[{"href":"https:\/\/opatov.knihovna.info\/index.php?rest_route=\/wp\/v2\/types\/page"}],"author":[{"embeddable":true,"href":"https:\/\/opatov.knihovna.info\/index.php?rest_route=\/wp\/v2\/users\/1"}],"replies":[{"embeddable":true,"href":"https:\/\/opatov.knihovna.info\/index.php?rest_route=%2Fwp%2Fv2%2Fcomments&post=685"}],"version-history":[{"count":14,"href":"https:\/\/opatov.knihovna.info\/index.php?rest_route=\/wp\/v2\/pages\/685\/revisions"}],"predecessor-version":[{"id":725,"href":"https:\/\/opatov.knihovna.info\/index.php?rest_route=\/wp\/v2\/pages\/685\/revisions\/725"}],"wp:attachment":[{"href":"https:\/\/opatov.knihovna.info\/index.php?rest_route=%2Fwp%2Fv2%2Fmedia&parent=685"}],"curies":[{"name":"wp","href":"https:\/\/api.w.org\/{rel}","templated":true}]}}